{"id":10,"date":"2011-12-14T18:25:47","date_gmt":"2011-12-14T18:25:47","guid":{"rendered":"http:\/\/localhost\/kauth\/?page_id=10"},"modified":"2020-03-04T10:10:21","modified_gmt":"2020-03-04T10:10:21","slug":"studio-informationen","status":"publish","type":"page","link":"https:\/\/leos-fitness-studio.de\/fitness\/studio-informationen\/","title":{"rendered":"Studio-Informationen"},"content":{"rendered":"<h1>Studio-Informationen<\/h1>\n<table>\n<tbody>\n<tr>\n<th>Studiofl\u00e4che:<\/th>\n<td>200 qm<\/td>\n<\/tr>\n<tr>\n<th>Cardioger\u00e4te:<\/th>\n<td>5 Ergometer (Matrix)<br \/>\n2 Crosstrainer (Matrix)<\/td>\n<\/tr>\n<tr>\n<th>Kraftger\u00e4te:<\/th>\n<td>Freihantelbereich:<br \/>\nKurzhantel: 0,5 &#8211; 40 kg<br \/>\nLanghantel: 10 &#8211; 200 kgGer\u00e4tepark: 16 Maschinen<\/td>\n<\/tr>\n<tr>\n<th>\u00d6ffnungszeiten:<\/th>\n<td>Montag bis Freitag<br \/>\nVormittag: 9:00 &#8211; 12:00 Uhr<br \/>\nNachmittag: 14:00 &#8211; 22:00 Uhr<\/td>\n<\/tr>\n<tr>\n<th>So findest du uns:<\/th>\n<td>Leo\u2019s Fitness-Studio<br \/>\nAsternweg 6<br \/>\n54550 Daun \/ Rengen<br \/>\nTel.: 0 65 92 \/ 47 43<br \/>\nFax: 0 65 92 \/ 95 85 27<br \/>\neMail: <a href=\"mailto:info@leos-fitness-studio.de\">info@leos-fitness-studio.de<\/a><\/td>\n<\/tr>\n<tr>\n<th><\/th>\n<td>\u00a0\n<iframe width=\"525\" height=\"320\" frameborder=\"0\" scrolling=\"no\" marginheight=\"0\" marginwidth=\"0\" src=\"http:\/\/maps.google.de\/maps?f=q&amp;source=s_q&amp;hl=de&amp;geocode=&amp;q=leos+fitness+studio+daun&amp;aq=&amp;sll=51.151786,10.415039&amp;sspn=15.539383,39.506836&amp;vpsrc=0&amp;ie=UTF8&amp;hq=leos+fitness+studio&amp;hnear=Daun,+Rheinland-Pfalz&amp;t=m&amp;ll=50.2267,6.84687&amp;spn=0.123607,0.308647&amp;z=12&amp;iwloc=A&amp;cid=2055004277194817386&amp;output=embed\"><\/iframe><br \/><small><a target=\"_blank\" href=\"http:\/\/maps.google.de\/maps?f=q&amp;source=embed&amp;hl=de&amp;geocode=&amp;q=leos+fitness+studio+daun&amp;aq=&amp;sll=51.151786,10.415039&amp;sspn=15.539383,39.506836&amp;vpsrc=0&amp;ie=UTF8&amp;hq=leos+fitness+studio&amp;hnear=Daun,+Rheinland-Pfalz&amp;t=m&amp;ll=50.2267,6.84687&amp;spn=0.123607,0.308647&amp;z=12&amp;iwloc=A&amp;cid=2055004277194817386\" style=\"color:#0000FF;text-align:left\">Gr\u00f6\u00dfere Kartenansicht<\/a><\/small>\n<\/td>\n<\/tr>\n<\/tbody>\n<\/table>\n","protected":false},"excerpt":{"rendered":"<p>Studio-Informationen Studiofl\u00e4che: 200 qm Cardioger\u00e4te: 5 Ergometer (Matrix) 2 Crosstrainer (Matrix) Kraftger\u00e4te: Freihantelbereich: Kurzhantel: 0,5 &#8211; 40 kg Langhantel: 10 &#8211; 200 kgGer\u00e4tepark: 16 Maschinen \u00d6ffnungszeiten: Montag bis Freitag Vormittag: 9:00 &#8211; 12:00 Uhr Nachmittag: 14:00 &#8211; 22:00 Uhr So findest du uns: Leo\u2019s Fitness-Studio Asternweg 6 54550 Daun \/ Rengen Tel.: 0 65 92 [&hellip;]<\/p>\n","protected":false},"author":1,"featured_media":0,"parent":0,"menu_order":2,"comment_status":"open","ping_status":"open","template":"","meta":[],"_links":{"self":[{"href":"https:\/\/leos-fitness-studio.de\/fitness\/wp-json\/wp\/v2\/pages\/10"}],"collection":[{"href":"https:\/\/leos-fitness-studio.de\/fitness\/wp-json\/wp\/v2\/pages"}],"about":[{"href":"https:\/\/leos-fitness-studio.de\/fitness\/wp-json\/wp\/v2\/types\/page"}],"author":[{"embeddable":true,"href":"https:\/\/leos-fitness-studio.de\/fitness\/wp-json\/wp\/v2\/users\/1"}],"replies":[{"embeddable":true,"href":"https:\/\/leos-fitness-studio.de\/fitness\/wp-json\/wp\/v2\/comments?post=10"}],"version-history":[{"count":28,"href":"https:\/\/leos-fitness-studio.de\/fitness\/wp-json\/wp\/v2\/pages\/10\/revisions"}],"predecessor-version":[{"id":38,"href":"https:\/\/leos-fitness-studio.de\/fitness\/wp-json\/wp\/v2\/pages\/10\/revisions\/38"}],"wp:attachment":[{"href":"https:\/\/leos-fitness-studio.de\/fitness\/wp-json\/wp\/v2\/media?parent=10"}],"curies":[{"name":"wp","href":"https:\/\/api.w.org\/{rel}","templated":true}]}}