{"id":22,"date":"2011-12-15T09:01:57","date_gmt":"2011-12-15T09:01:57","guid":{"rendered":"http:\/\/localhost\/kauth\/?page_id=22"},"modified":"2018-05-04T11:52:21","modified_gmt":"2018-05-04T11:52:21","slug":"trainerteam","status":"publish","type":"page","link":"https:\/\/leos-fitness-studio.de\/fitness\/trainerteam\/","title":{"rendered":"Trainerteam"},"content":{"rendered":"<h1>Trainerteam<\/h1>\n<table class=\"trainerteam\">\n<tbody>\n<tr>\n<td>\n<h3>Dennis Kauth (Jg. 81)<\/h3>\n<p>&#8211; Physiotherapeut<br \/>\n&#8211; Heilpraktiker-PT<br \/>\n&#8211; Sportheilpraktik<\/p>\n<p>&#8211; R\u00fcckenschule<br \/>\n&#8211; manuelle Lymphdrainage<br \/>\n&#8211; Cranio-Sacral-Therapie<br \/>\n&#8211; ger\u00e4tegest\u00fctzte KG<br \/>\n&#8211; neuromuskul\u00e4re Therapie \/<br \/>\nTriggerpointbehandlung<\/p>\n<p>&#8211; A-Lizenz Functional Training<\/p>\n<p>-kompliment\u00e4re physioth.Medizin i.A.<\/td>\n<td>\n<h3>Leo Kauth (Jg. 55)<\/h3>\n<p>&#8211; Gesundheitsberater RFG<br \/>\n&#8211; Sportstudioleiterqualifikation<br \/>\n&#8211; Trainer-B-Lizenz<\/p>\n<p>&#8211; Sportrehabilitation<br \/>\n&#8211; R\u00fcckenschule<br \/>\n&#8211; Methode Dorn \/ Preuss<br \/>\n&#8211; Fitness-Training<br \/>\n&#8211; Gesundheitsberatung<br \/>\n&#8211; Ern\u00e4hrungsberatung<\/td>\n<\/tr>\n<\/tbody>\n<\/table>\n","protected":false},"excerpt":{"rendered":"<p>Trainerteam Dennis Kauth (Jg. 81) &#8211; Physiotherapeut &#8211; Heilpraktiker-PT &#8211; Sportheilpraktik &#8211; R\u00fcckenschule &#8211; manuelle Lymphdrainage &#8211; Cranio-Sacral-Therapie &#8211; ger\u00e4tegest\u00fctzte KG &#8211; neuromuskul\u00e4re Therapie \/ Triggerpointbehandlung &#8211; A-Lizenz Functional Training -kompliment\u00e4re physioth.Medizin i.A. Leo Kauth (Jg. 55) &#8211; Gesundheitsberater RFG &#8211; Sportstudioleiterqualifikation &#8211; Trainer-B-Lizenz &#8211; Sportrehabilitation &#8211; R\u00fcckenschule &#8211; Methode Dorn \/ Preuss &#8211; Fitness-Training [&hellip;]<\/p>\n","protected":false},"author":1,"featured_media":0,"parent":0,"menu_order":3,"comment_status":"open","ping_status":"open","template":"","meta":[],"_links":{"self":[{"href":"https:\/\/leos-fitness-studio.de\/fitness\/wp-json\/wp\/v2\/pages\/22"}],"collection":[{"href":"https:\/\/leos-fitness-studio.de\/fitness\/wp-json\/wp\/v2\/pages"}],"about":[{"href":"https:\/\/leos-fitness-studio.de\/fitness\/wp-json\/wp\/v2\/types\/page"}],"author":[{"embeddable":true,"href":"https:\/\/leos-fitness-studio.de\/fitness\/wp-json\/wp\/v2\/users\/1"}],"replies":[{"embeddable":true,"href":"https:\/\/leos-fitness-studio.de\/fitness\/wp-json\/wp\/v2\/comments?post=22"}],"version-history":[{"count":13,"href":"https:\/\/leos-fitness-studio.de\/fitness\/wp-json\/wp\/v2\/pages\/22\/revisions"}],"predecessor-version":[{"id":176,"href":"https:\/\/leos-fitness-studio.de\/fitness\/wp-json\/wp\/v2\/pages\/22\/revisions\/176"}],"wp:attachment":[{"href":"https:\/\/leos-fitness-studio.de\/fitness\/wp-json\/wp\/v2\/media?parent=22"}],"curies":[{"name":"wp","href":"https:\/\/api.w.org\/{rel}","templated":true}]}}