{"id":26,"date":"2011-12-15T09:02:41","date_gmt":"2011-12-15T09:02:41","guid":{"rendered":"http:\/\/localhost\/kauth\/?page_id=26"},"modified":"2018-05-04T11:52:21","modified_gmt":"2018-05-04T11:52:21","slug":"personal-training","status":"publish","type":"page","link":"https:\/\/leos-fitness-studio.de\/fitness\/personal-training\/","title":{"rendered":"Personal-Training"},"content":{"rendered":"<h1>Personal-Training<\/h1>\n<p>&nbsp;<\/p>\n<h3>Wie wichtig ist dir dein K\u00f6rper?<\/h3>\n<p>Das Personal-Training richtet sich an die Personen, die das maximale aus einer Trainings-Einheit gewinnen wollen. Durch die optimale 1 zu 1 Situation kommt es zu einem individuellen effektiveren Training.<\/p>\n<p>Zusammen erarbeiten wir uns einen Trainingsplan zur Verwirklichung deiner pers\u00f6nlichen Ziele:<\/p>\n<p>&#8211; Gewichtsreduzierung<br \/>\n&#8211; Steigerung von Wohlbefinden und Lebensqualit\u00e4t<br \/>\n&#8211; Verbesserung von Kraft, Ausdauer und Schnelligkeit<br \/>\n&#8211; sportartspezifisches Training zur Leistungssteigerung<br \/>\n&#8211; Techniktraining f\u00fcr Ausdauersport (Laufen, Walking, Nordic-Walking)<br \/>\n&#8211; Wettkampfvorbereitung<\/p>\n<p>Je nach Zielsetzung findet das Training im Studio oder Outdoor statt. F\u00fcr ein kostenloses pers\u00f6nliches Info-Gespr\u00e4ch stehe ich gerne zur Verf\u00fcgung.<\/p>\n<h3>Dennis Kauth, Telefon: 0151 \/ 14 90 89 49<\/h3>\n","protected":false},"excerpt":{"rendered":"<p>Personal-Training &nbsp; Wie wichtig ist dir dein K\u00f6rper? Das Personal-Training richtet sich an die Personen, die das maximale aus einer Trainings-Einheit gewinnen wollen. Durch die optimale 1 zu 1 Situation kommt es zu einem individuellen effektiveren Training. Zusammen erarbeiten wir uns einen Trainingsplan zur Verwirklichung deiner pers\u00f6nlichen Ziele: &#8211; Gewichtsreduzierung &#8211; Steigerung von Wohlbefinden und [&hellip;]<\/p>\n","protected":false},"author":1,"featured_media":0,"parent":0,"menu_order":5,"comment_status":"open","ping_status":"open","template":"","meta":[],"_links":{"self":[{"href":"https:\/\/leos-fitness-studio.de\/fitness\/wp-json\/wp\/v2\/pages\/26"}],"collection":[{"href":"https:\/\/leos-fitness-studio.de\/fitness\/wp-json\/wp\/v2\/pages"}],"about":[{"href":"https:\/\/leos-fitness-studio.de\/fitness\/wp-json\/wp\/v2\/types\/page"}],"author":[{"embeddable":true,"href":"https:\/\/leos-fitness-studio.de\/fitness\/wp-json\/wp\/v2\/users\/1"}],"replies":[{"embeddable":true,"href":"https:\/\/leos-fitness-studio.de\/fitness\/wp-json\/wp\/v2\/comments?post=26"}],"version-history":[{"count":4,"href":"https:\/\/leos-fitness-studio.de\/fitness\/wp-json\/wp\/v2\/pages\/26\/revisions"}],"predecessor-version":[{"id":178,"href":"https:\/\/leos-fitness-studio.de\/fitness\/wp-json\/wp\/v2\/pages\/26\/revisions\/178"}],"wp:attachment":[{"href":"https:\/\/leos-fitness-studio.de\/fitness\/wp-json\/wp\/v2\/media?parent=26"}],"curies":[{"name":"wp","href":"https:\/\/api.w.org\/{rel}","templated":true}]}}