{"id":8,"date":"2011-12-14T18:24:52","date_gmt":"2011-12-14T18:24:52","guid":{"rendered":"http:\/\/localhost\/kauth\/?page_id=8"},"modified":"2023-11-15T11:04:55","modified_gmt":"2023-11-15T11:04:55","slug":"startseite","status":"publish","type":"page","link":"https:\/\/leos-fitness-studio.de\/fitness\/","title":{"rendered":"Startseite"},"content":{"rendered":"<h1>LEO\u2019S FITNESS-STUDIO<\/h1>\n<h2>F\u00dcR DEIN GESUNDES LEBEN<\/h2>\n<h3>Herzlich willkommen auf unserer Seite<\/h3>\n<p>Durch ein individuelles Training und Beratung hast du die M\u00f6glichkeit, deine Leistungsf\u00e4higkeit bzw. Lebensqualit\u00e4t f\u00fcr Sport, Beruf und Freizeit zu verbessern.<\/p>\n<p>Finde es heraus bei einem kostenlosen Probetraining.<\/p>\n<h3>Telefon: 0 65 92 \/ 47 43<\/h3>\n","protected":false},"excerpt":{"rendered":"<p>LEO\u2019S FITNESS-STUDIO F\u00dcR DEIN GESUNDES LEBEN Herzlich willkommen auf unserer Seite Durch ein individuelles Training und Beratung hast du die M\u00f6glichkeit, deine Leistungsf\u00e4higkeit bzw. Lebensqualit\u00e4t f\u00fcr Sport, Beruf und Freizeit zu verbessern. Finde es heraus bei einem kostenlosen Probetraining. Telefon: 0 65 92 \/ 47 43<\/p>\n","protected":false},"author":1,"featured_media":0,"parent":0,"menu_order":1,"comment_status":"open","ping_status":"open","template":"","meta":[],"_links":{"self":[{"href":"https:\/\/leos-fitness-studio.de\/fitness\/wp-json\/wp\/v2\/pages\/8"}],"collection":[{"href":"https:\/\/leos-fitness-studio.de\/fitness\/wp-json\/wp\/v2\/pages"}],"about":[{"href":"https:\/\/leos-fitness-studio.de\/fitness\/wp-json\/wp\/v2\/types\/page"}],"author":[{"embeddable":true,"href":"https:\/\/leos-fitness-studio.de\/fitness\/wp-json\/wp\/v2\/users\/1"}],"replies":[{"embeddable":true,"href":"https:\/\/leos-fitness-studio.de\/fitness\/wp-json\/wp\/v2\/comments?post=8"}],"version-history":[{"count":21,"href":"https:\/\/leos-fitness-studio.de\/fitness\/wp-json\/wp\/v2\/pages\/8\/revisions"}],"predecessor-version":[{"id":216,"href":"https:\/\/leos-fitness-studio.de\/fitness\/wp-json\/wp\/v2\/pages\/8\/revisions\/216"}],"wp:attachment":[{"href":"https:\/\/leos-fitness-studio.de\/fitness\/wp-json\/wp\/v2\/media?parent=8"}],"curies":[{"name":"wp","href":"https:\/\/api.w.org\/{rel}","templated":true}]}}